{"id":16941,"date":"2020-03-02T10:27:05","date_gmt":"2020-03-02T10:27:05","guid":{"rendered":"https:\/\/demo29.houzez.co\/?page_id=16941"},"modified":"2026-01-08T12:45:40","modified_gmt":"2026-01-08T11:45:40","slug":"contact-2","status":"publish","type":"page","link":"https:\/\/selectmarbellaproperty.com\/da\/contact-2\/","title":{"rendered":"Kontakte"},"content":{"rendered":"<div data-elementor-type=\"wp-page\" data-elementor-id=\"16941\" class=\"elementor elementor-16941\">\n\t\t\t\t\t\t<section class=\"elementor-section elementor-top-section elementor-element elementor-element-f0ed3c4 elementor-section-height-min-height elementor-section-stretched elementor-section-boxed elementor-section-height-default elementor-section-items-middle\" data-id=\"f0ed3c4\" data-element_type=\"section\" data-e-type=\"section\" data-settings=\"{&quot;background_background&quot;:&quot;classic&quot;,&quot;stretch_section&quot;:&quot;section-stretched&quot;}\">\n\t\t\t\t\t\t\t<div class=\"elementor-background-overlay\"><\/div>\n\t\t\t\t\t\t\t<div class=\"elementor-container elementor-column-gap-default\">\n\t\t\t\t\t<div class=\"elementor-column elementor-col-100 elementor-top-column elementor-element elementor-element-d515b61\" data-id=\"d515b61\" data-element_type=\"column\" data-e-type=\"column\">\n\t\t\t<div class=\"elementor-widget-wrap elementor-element-populated\">\n\t\t\t\t\t\t<div class=\"elementor-element elementor-element-285a781 elementor-invisible elementor-widget elementor-widget-heading\" data-id=\"285a781\" data-element_type=\"widget\" data-e-type=\"widget\" data-settings=\"{&quot;_animation&quot;:&quot;fadeIn&quot;}\" data-widget_type=\"heading.default\">\n\t\t\t\t<div class=\"elementor-widget-container\">\n\t\t\t\t\t<h1 class=\"elementor-heading-title elementor-size-default\">Kontakte<\/h1>\t\t\t\t<\/div>\n\t\t\t\t<\/div>\n\t\t\t\t<div class=\"elementor-element elementor-element-f7af1a1 elementor-invisible elementor-widget elementor-widget-heading\" data-id=\"f7af1a1\" data-element_type=\"widget\" data-e-type=\"widget\" data-settings=\"{&quot;_animation&quot;:&quot;fadeIn&quot;,&quot;_animation_delay&quot;:250}\" data-widget_type=\"heading.default\">\n\t\t\t\t<div class=\"elementor-widget-container\">\n\t\t\t\t\t<div class=\"elementor-heading-title elementor-size-default\">V\u00e6lg \u2022 Marbella \u2022 Ejendom<\/div>\t\t\t\t<\/div>\n\t\t\t\t<\/div>\n\t\t\t\t\t<\/div>\n\t\t<\/div>\n\t\t\t\t\t<\/div>\n\t\t<\/section>\n\t\t\t\t<section class=\"elementor-section elementor-top-section elementor-element elementor-element-55a397e8 elementor-section-boxed elementor-section-height-default elementor-section-height-default\" data-id=\"55a397e8\" data-element_type=\"section\" data-e-type=\"section\" data-settings=\"{&quot;background_background&quot;:&quot;classic&quot;}\">\n\t\t\t\t\t\t<div class=\"elementor-container elementor-column-gap-no\">\n\t\t\t\t\t<div class=\"elementor-column elementor-col-100 elementor-top-column elementor-element elementor-element-407d7963\" data-id=\"407d7963\" data-element_type=\"column\" data-e-type=\"column\">\n\t\t\t<div class=\"elementor-widget-wrap elementor-element-populated\">\n\t\t\t\t\t\t<div class=\"elementor-element elementor-element-358cd3f elementor-widget elementor-widget-spacer\" data-id=\"358cd3f\" data-element_type=\"widget\" data-e-type=\"widget\" data-widget_type=\"spacer.default\">\n\t\t\t\t<div class=\"elementor-widget-container\">\n\t\t\t\t\t\t\t<div class=\"elementor-spacer\">\n\t\t\t<div class=\"elementor-spacer-inner\"><\/div>\n\t\t<\/div>\n\t\t\t\t\t\t<\/div>\n\t\t\t\t<\/div>\n\t\t\t\t<section class=\"elementor-section elementor-inner-section elementor-element elementor-element-597cd0c0 elementor-section-full_width elementor-section-content-middle elementor-section-height-default elementor-section-height-default elementor-invisible\" data-id=\"597cd0c0\" data-element_type=\"section\" data-e-type=\"section\" data-settings=\"{&quot;background_background&quot;:&quot;classic&quot;,&quot;animation&quot;:&quot;fadeIn&quot;}\">\n\t\t\t\t\t\t\t<div class=\"elementor-background-overlay\"><\/div>\n\t\t\t\t\t\t\t<div class=\"elementor-container elementor-column-gap-default\">\n\t\t\t\t\t<div class=\"elementor-column elementor-col-50 elementor-inner-column elementor-element elementor-element-369d619e\" data-id=\"369d619e\" data-element_type=\"column\" data-e-type=\"column\">\n\t\t\t<div class=\"elementor-widget-wrap elementor-element-populated\">\n\t\t\t\t\t\t<div class=\"elementor-element elementor-element-2705ac1c elementor-widget elementor-widget-heading\" data-id=\"2705ac1c\" data-element_type=\"widget\" data-e-type=\"widget\" data-widget_type=\"heading.default\">\n\t\t\t\t<div class=\"elementor-widget-container\">\n\t\t\t\t\t<h2 class=\"elementor-heading-title elementor-size-large\">Har du sp\u00f8rgsm\u00e5l til os?<\/h2>\t\t\t\t<\/div>\n\t\t\t\t<\/div>\n\t\t\t\t<div class=\"elementor-element elementor-element-5ab1a81a elementor-widget elementor-widget-text-editor\" data-id=\"5ab1a81a\" data-element_type=\"widget\" data-e-type=\"widget\" data-widget_type=\"text-editor.default\">\n\t\t\t\t<div class=\"elementor-widget-container\">\n\t\t\t\t\t\t\t\t\t<p>Har du sp\u00f8rgsm\u00e5l om ejendom p\u00e5 Costa del Sol? \u00d8nsker du at planl\u00e6gge en konsultation eller se udvalgte tilbud? Udfyld formularen, s\u00e5 kontakter vi dig hurtigst muligt!<\/p>\t\t\t\t\t\t\t\t<\/div>\n\t\t\t\t<\/div>\n\t\t\t\t<div class=\"elementor-element elementor-element-13a7f705 elementor-mobile-align-center elementor-icon-list--layout-traditional elementor-list-item-link-full_width elementor-widget elementor-widget-icon-list\" data-id=\"13a7f705\" data-element_type=\"widget\" data-e-type=\"widget\" data-widget_type=\"icon-list.default\">\n\t\t\t\t<div class=\"elementor-widget-container\">\n\t\t\t\t\t\t\t<ul class=\"elementor-icon-list-items\">\n\t\t\t\t\t\t\t<li class=\"elementor-icon-list-item\">\n\t\t\t\t\t\t\t\t\t\t\t<span class=\"elementor-icon-list-icon\">\n\t\t\t\t\t\t\t<svg aria-hidden=\"true\" class=\"e-font-icon-svg e-far-envelope\" viewbox=\"0 0 512 512\" xmlns=\"http:\/\/www.w3.org\/2000\/svg\"><path d=\"M464 64H48C21.49 64 0 85.49 0 112v288c0 26.51 21.49 48 48 48h416c26.51 0 48-21.49 48-48V112c0-26.51-21.49-48-48-48zm0 48v40.805c-22.422 18.259-58.168 46.651-134.587 106.49-16.841 13.247-50.201 45.072-73.413 44.701-23.208.375-56.579-31.459-73.413-44.701C106.18 199.465 70.425 171.067 48 152.805V112h416zM48 400V214.398c22.914 18.251 55.409 43.862 104.938 82.646 21.857 17.205 60.134 55.186 103.062 54.955 42.717.231 80.509-37.199 103.053-54.947 49.528-38.783 82.032-64.401 104.947-82.653V400H48z\"><\/path><\/svg>\t\t\t\t\t\t<\/span>\n\t\t\t\t\t\t\t\t\t\t<span class=\"elementor-icon-list-text\">izabela@smarbellaproperty.com<\/span>\n\t\t\t\t\t\t\t\t\t<\/li>\n\t\t\t\t\t\t\t\t<li class=\"elementor-icon-list-item\">\n\t\t\t\t\t\t\t\t\t\t\t<span class=\"elementor-icon-list-icon\">\n\t\t\t\t\t\t\t<svg aria-hidden=\"true\" class=\"e-font-icon-svg e-fas-phone\" viewbox=\"0 0 512 512\" xmlns=\"http:\/\/www.w3.org\/2000\/svg\"><path d=\"M493.4 24.6l-104-24c-11.3-2.6-22.9 3.3-27.5 13.9l-48 112c-4.2 9.8-1.4 21.3 6.9 28l60.6 49.6c-36 76.7-98.9 140.5-177.2 177.2l-49.6-60.6c-6.8-8.3-18.2-11.1-28-6.9l-112 48C3.9 366.5-2 378.1.6 389.4l24 104C27.1 504.2 36.7 512 48 512c256.1 0 464-207.5 464-464 0-11.2-7.7-20.9-18.6-23.4z\"><\/path><\/svg>\t\t\t\t\t\t<\/span>\n\t\t\t\t\t\t\t\t\t\t<span class=\"elementor-icon-list-text\">+34 631 350 664<img decoding=\"async\" style=\"margin-left:8px\" src=\"https:\/\/selectmarbellaproperty.com\/wp-content\/uploads\/2025\/04\/pl.svg \" width=\"20\"> <img decoding=\"async\" style=\"margin-left-5px\" src=\"https:\/\/selectmarbellaproperty.com\/wp-content\/uploads\/2025\/04\/gb.svg\" width=\"20\"> <img decoding=\"async\" style=\"margin-left-5px\" src=\"https:\/\/selectmarbellaproperty.com\/wp-content\/uploads\/2025\/04\/bv.svg\" width=\"20\"> <img decoding=\"async\" style=\"margin-left-5px\" src=\"https:\/\/selectmarbellaproperty.com\/wp-content\/uploads\/2025\/04\/es.svg\" width=\"20\"><\/span>\n\t\t\t\t\t\t\t\t\t<\/li>\n\t\t\t\t\t\t\t\t<li class=\"elementor-icon-list-item\">\n\t\t\t\t\t\t\t\t\t\t\t<span class=\"elementor-icon-list-icon\">\n\t\t\t\t\t\t\t<svg aria-hidden=\"true\" class=\"e-font-icon-svg e-fas-phone\" viewbox=\"0 0 512 512\" xmlns=\"http:\/\/www.w3.org\/2000\/svg\"><path d=\"M493.4 24.6l-104-24c-11.3-2.6-22.9 3.3-27.5 13.9l-48 112c-4.2 9.8-1.4 21.3 6.9 28l60.6 49.6c-36 76.7-98.9 140.5-177.2 177.2l-49.6-60.6c-6.8-8.3-18.2-11.1-28-6.9l-112 48C3.9 366.5-2 378.1.6 389.4l24 104C27.1 504.2 36.7 512 48 512c256.1 0 464-207.5 464-464 0-11.2-7.7-20.9-18.6-23.4z\"><\/path><\/svg>\t\t\t\t\t\t<\/span>\n\t\t\t\t\t\t\t\t\t\t<span class=\"elementor-icon-list-text\">+34 603 548 432<img decoding=\"async\" style=\"margin-left:8px\" src=\"https:\/\/selectmarbellaproperty.com\/wp-content\/uploads\/2025\/04\/dk.svg\" width=\"20\">   <img decoding=\"async\" style=\"margin-left-5px\" src=\"https:\/\/selectmarbellaproperty.com\/wp-content\/uploads\/2025\/04\/gb.svg\" width=\"20\">   <img decoding=\"async\" style=\"margin-left-5px\" src=\"https:\/\/selectmarbellaproperty.com\/wp-content\/uploads\/2025\/04\/de.svg\" width=\"20\">   <img decoding=\"async\" style=\"margin-left-5px\" src=\"https:\/\/selectmarbellaproperty.com\/wp-content\/uploads\/2025\/04\/es.svg\" width=\"20\"><\/span>\n\t\t\t\t\t\t\t\t\t<\/li>\n\t\t\t\t\t\t\t\t<li class=\"elementor-icon-list-item\">\n\t\t\t\t\t\t\t\t\t\t\t<span class=\"elementor-icon-list-icon\">\n\t\t\t\t\t\t\t<svg aria-hidden=\"true\" class=\"e-font-icon-svg e-fas-phone\" viewbox=\"0 0 512 512\" xmlns=\"http:\/\/www.w3.org\/2000\/svg\"><path d=\"M493.4 24.6l-104-24c-11.3-2.6-22.9 3.3-27.5 13.9l-48 112c-4.2 9.8-1.4 21.3 6.9 28l60.6 49.6c-36 76.7-98.9 140.5-177.2 177.2l-49.6-60.6c-6.8-8.3-18.2-11.1-28-6.9l-112 48C3.9 366.5-2 378.1.6 389.4l24 104C27.1 504.2 36.7 512 48 512c256.1 0 464-207.5 464-464 0-11.2-7.7-20.9-18.6-23.4z\"><\/path><\/svg>\t\t\t\t\t\t<\/span>\n\t\t\t\t\t\t\t\t\t\t<span class=\"elementor-icon-list-text\">+47 40 29 54 78<img decoding=\"async\" style=\"margin-left:8px\" src=\"https:\/\/selectmarbellaproperty.com\/wp-content\/uploads\/2025\/04\/bv.svg\" width=\"20\">   <img decoding=\"async\" style=\"margin-left-5px\" src=\"https:\/\/selectmarbellaproperty.com\/wp-content\/uploads\/2025\/04\/gb.svg\" width=\"20\">   <img decoding=\"async\" style=\"margin-left-5px\" src=\"https:\/\/selectmarbellaproperty.com\/wp-content\/uploads\/2025\/04\/es.svg\" width=\"20\"> <\/span>\n\t\t\t\t\t\t\t\t\t<\/li>\n\t\t\t\t\t\t<\/ul>\n\t\t\t\t\t\t<\/div>\n\t\t\t\t<\/div>\n\t\t\t\t\t<\/div>\n\t\t<\/div>\n\t\t\t\t<div class=\"elementor-column elementor-col-50 elementor-inner-column elementor-element elementor-element-25bc3ad4\" data-id=\"25bc3ad4\" data-element_type=\"column\" data-e-type=\"column\">\n\t\t\t<div class=\"elementor-widget-wrap elementor-element-populated\">\n\t\t\t\t\t\t<div class=\"elementor-element elementor-element-207615bd elementor-button-align-stretch elementor-widget elementor-widget-houzez_elementor_contact_form\" data-id=\"207615bd\" data-element_type=\"widget\" data-e-type=\"widget\" data-widget_type=\"houzez_elementor_contact_form.default\">\n\t\t\t\t<div class=\"elementor-widget-container\">\n\t\t\t\t\t\n        <script type=\"application\/javascript\">\n            jQuery(document).bind(\"ready\", function () {\n                houzezValidateElementor(\"#houzez-form-207615bd\" );\n            });\n        <\/script>\n\n        <form class=\"elementor-form houzez-ele-form-js\" id=\"houzez-form-207615bd\" method=\"post\" name=\"New Form\" action=\"https:\/\/selectmarbellaproperty.com\/wp-admin\/admin-ajax.php\">\n            <input type=\"hidden\" name=\"form_id\" value=\"207615bd\"\/>\n            <input type=\"hidden\" name=\"houzez_contact_form\" value=\"yes\"\/>\n            <input type=\"hidden\" name=\"action\" value=\"houzez_ele_contact_form\" \/>\n            <input type=\"hidden\" name=\"source_link\" value=\"https:\/\/selectmarbellaproperty.com\/da\/contact-2\/\" \/>\n            <input type=\"hidden\" name=\"lead_page_id\" value=\"16941\" \/>\n            <input type=\"hidden\" name=\"webhook\" value=\"false\" \/>\n            <input type=\"hidden\" name=\"webhook_url\" value=\"\" \/>\n            <input type=\"hidden\" name=\"redirect_to\" value=\"\" \/>\n            <input type=\"hidden\" name=\"google_recaptcha\" value=\"yes\" \/>\n            \n\n            <div class=\"elementor-form-fields-wrapper elementor-labels-above\">\n\n                                    <div class=\"elementor-field-group elementor-column form-group elementor-field-group-name elementor-col-100\">\n                    <label for=\"form-field-name\" class=\"elementor-field-label\">Navn<\/label><input type=\"text\" name=\"name\" id=\"form-field-name\" class=\"elementor-field form-control elementor-size-md elementor-field-textual\" title=\"* Navn\">                    <\/div>\n\n                                        <div class=\"elementor-field-group elementor-column form-group elementor-field-group-email elementor-col-100 elementor-field-required elementor-mark-required\">\n                    <label for=\"form-field-email\" class=\"elementor-field-label\">E-mail<\/label><input type=\"email\" name=\"email\" id=\"form-field-email\" class=\"elementor-field form-control elementor-size-md elementor-field-textual\" title=\"* E-mail-adresse\" required=\"required\">                    <\/div>\n\n                                        <div class=\"elementor-field-group elementor-column form-group elementor-field-group-message elementor-col-100\">\n                    <label for=\"form-field-message\" class=\"elementor-field-label\">Meddelelse<\/label><textarea class=\"elementor-field-textual elementor-field elementor-size-md\" name=\"message\" id=\"form-field-message\" rows=\"4\"><\/textarea>                    <\/div>\n\n                    \n                    \n                                        <div class=\"\">\n                                            <\/div>\n                    \n                    <div class=\"elementor-field-group elementor-column elementor-field-type-submit elementor-col-100\">\n                    <button type=\"submit\" class=\"houzez-submit-button houzez-contact-form-js elementor-button elementor-size-sm\">\n                        <i class=\"btn-loader houzez-loader-js\"><\/i>\n                                                    Send en besked                                            <\/button>\n                <\/div>\n            <\/div><!-- End wrapper-->\n            <br\/>\n            <div class=\"ele-form-messages\"><\/div>\n            <div class=\"error-container\"><\/div>\n\n        <\/form>\n\n    \t\t\t\t<\/div>\n\t\t\t\t<\/div>\n\t\t\t\t\t<\/div>\n\t\t<\/div>\n\t\t\t\t\t<\/div>\n\t\t<\/section>\n\t\t\t\t\t<\/div>\n\t\t<\/div>\n\t\t\t\t\t<\/div>\n\t\t<\/section>\n\t\t\t\t<\/div>","protected":false},"excerpt":{"rendered":"<p>Kontakt V\u00e6lg \u2022 Marbella \u2022 Ejendom Har du sp\u00f8rgsm\u00e5l til os? Har du sp\u00f8rgsm\u00e5l om ejendom p\u00e5 Costa del Sol? \u00d8nsker du at planl\u00e6gge en konsultation eller se udvalgte tilbud? Udfyld formularen, s\u00e5 kontakter vi dig hurtigst muligt! izabela@smarbellaproperty.com +34 631 350 664 +34 [...]<\/p>","protected":false},"author":1,"featured_media":0,"parent":0,"menu_order":0,"comment_status":"closed","ping_status":"closed","template":"template\/template-homepage.php","meta":{"footnotes":""},"class_list":["post-16941","page","type-page","status-publish","hentry"],"_links":{"self":[{"href":"https:\/\/selectmarbellaproperty.com\/da\/wp-json\/wp\/v2\/pages\/16941","targetHints":{"allow":["GET"]}}],"collection":[{"href":"https:\/\/selectmarbellaproperty.com\/da\/wp-json\/wp\/v2\/pages"}],"about":[{"href":"https:\/\/selectmarbellaproperty.com\/da\/wp-json\/wp\/v2\/types\/page"}],"author":[{"embeddable":true,"href":"https:\/\/selectmarbellaproperty.com\/da\/wp-json\/wp\/v2\/users\/1"}],"replies":[{"embeddable":true,"href":"https:\/\/selectmarbellaproperty.com\/da\/wp-json\/wp\/v2\/comments?post=16941"}],"version-history":[{"count":36,"href":"https:\/\/selectmarbellaproperty.com\/da\/wp-json\/wp\/v2\/pages\/16941\/revisions"}],"predecessor-version":[{"id":53173,"href":"https:\/\/selectmarbellaproperty.com\/da\/wp-json\/wp\/v2\/pages\/16941\/revisions\/53173"}],"wp:attachment":[{"href":"https:\/\/selectmarbellaproperty.com\/da\/wp-json\/wp\/v2\/media?parent=16941"}],"curies":[{"name":"wp","href":"https:\/\/api.w.org\/{rel}","templated":true}]}}